{"id":28,"date":"2016-03-23T10:17:31","date_gmt":"2016-03-23T09:17:31","guid":{"rendered":"http:\/\/uneinviteedansmonatelier.fr\/index.php\/cart\/"},"modified":"2025-01-06T09:12:55","modified_gmt":"2025-01-06T08:12:55","slug":"cart","status":"publish","type":"page","link":"https:\/\/uneinviteedansmonatelier.fr\/index.php\/cart\/","title":{"rendered":"Panier : comment commander?"},"content":{"rendered":"<div class=\"gmail-kvgmc6g5 gmail-cxmmr5t8 gmail-oygrvhab gmail-hcukyx3x gmail-c1et5uql gmail-ii04i59q\">\n<div class=\"gmail-kvgmc6g5 gmail-cxmmr5t8 gmail-oygrvhab gmail-hcukyx3x gmail-c1et5uql gmail-ii04i59q\" style=\"text-align: left;\">\n<div dir=\"auto\" style=\"text-align: left;\">\n<div><\/div>\n<p><span style=\"color: #ff99cc;\"><strong>Promenez-vous<\/strong><\/span><span style=\"font-size: inherit;\"> sur le site<\/span><\/p>\n<\/div>\n<\/div>\n<\/div>\n<p>et <span style=\"color: #cc99ff;\"><strong>mettez au Panier<\/strong><\/span> les cr\u00e9ations que vous souhaitez personnaliser et commander.<\/p>\n<p>Comment proc\u00e9der pour la suite:<br \/>\n&#8211; <strong>Rien\u00a0\u00e0 payer<\/strong> <strong>en ligne<\/strong> \u00e0 ce stade,<br \/>\n&#8211; en cliquant ici en bas sur \u00ab\u00a0Proc\u00e9der \u00e0 la commande\u00a0\u00bb, vous pourrez <strong>saisir les personnalisations souhait\u00e9es\u00a0dans la zone commentaire\u00a0\u00a0<\/strong>(ou si vous pr\u00e9f\u00e9rez, envoyez les s\u00e9par\u00e9ment\u00a0<a href=\"mailto:uneinviteedansmonatelier@gmail.com\">par mail<\/a>)<br \/>\n&#8211; En validant sur le site, je re\u00e7ois le d\u00e9tail de votre commande,<br \/>\n&#8211; Je vous r\u00e9pondrai par mail dans les plus brefs d\u00e9lais,<br \/>\nsoit avec quelques <strong>questions compl\u00e9mentaires<\/strong>,<br \/>\nsoit en vous confirmant le <strong>tarif, les disponibilit\u00e9s et le d\u00e9lai (actuellement le carnet de commandes est plein pour les 3 prochaines semaines).<\/strong><\/p>\n<p>Bien cordialement,<br \/>\n<em>Ga\u00eblle<\/em><br \/>\n<\/p>\n","protected":false},"excerpt":{"rendered":"<p>Promenez-vous sur le site et mettez au Panier les cr\u00e9ations que vous souhaitez personnaliser et commander. Comment proc\u00e9der pour la suite: &#8211; Rien\u00a0\u00e0 payer en ligne \u00e0 ce stade, &#8211; en cliquant ici en bas sur \u00ab\u00a0Proc\u00e9der \u00e0 la commande\u00a0\u00bb, vous pourrez saisir les personnalisations souhait\u00e9es\u00a0dans la zone commentaire\u00a0\u00a0(ou si vous pr\u00e9f\u00e9rez, envoyez les s\u00e9par\u00e9ment\u00a0par [&hellip;]<\/p>\n","protected":false},"author":1,"featured_media":0,"parent":0,"menu_order":0,"comment_status":"closed","ping_status":"closed","template":"","meta":{"_exactmetrics_skip_tracking":false,"_exactmetrics_sitenote_active":false,"_exactmetrics_sitenote_note":"","_exactmetrics_sitenote_category":0,"footnotes":""},"class_list":["post-28","page","type-page","status-publish","hentry"],"_links":{"self":[{"href":"https:\/\/uneinviteedansmonatelier.fr\/index.php\/wp-json\/wp\/v2\/pages\/28","targetHints":{"allow":["GET"]}}],"collection":[{"href":"https:\/\/uneinviteedansmonatelier.fr\/index.php\/wp-json\/wp\/v2\/pages"}],"about":[{"href":"https:\/\/uneinviteedansmonatelier.fr\/index.php\/wp-json\/wp\/v2\/types\/page"}],"author":[{"embeddable":true,"href":"https:\/\/uneinviteedansmonatelier.fr\/index.php\/wp-json\/wp\/v2\/users\/1"}],"replies":[{"embeddable":true,"href":"https:\/\/uneinviteedansmonatelier.fr\/index.php\/wp-json\/wp\/v2\/comments?post=28"}],"version-history":[{"count":69,"href":"https:\/\/uneinviteedansmonatelier.fr\/index.php\/wp-json\/wp\/v2\/pages\/28\/revisions"}],"predecessor-version":[{"id":5176,"href":"https:\/\/uneinviteedansmonatelier.fr\/index.php\/wp-json\/wp\/v2\/pages\/28\/revisions\/5176"}],"wp:attachment":[{"href":"https:\/\/uneinviteedansmonatelier.fr\/index.php\/wp-json\/wp\/v2\/media?parent=28"}],"curies":[{"name":"wp","href":"https:\/\/api.w.org\/{rel}","templated":true}]}}