{"id":32,"date":"2016-03-23T10:32:07","date_gmt":"2016-03-23T09:32:07","guid":{"rendered":"http:\/\/uneinviteedansmonatelier.fr\/?page_id=32"},"modified":"2026-05-03T15:40:08","modified_gmt":"2026-05-03T14:40:08","slug":"accueil","status":"publish","type":"page","link":"https:\/\/uneinviteedansmonatelier.fr\/","title":{"rendered":"Bienvenue dans l&rsquo;atelier!"},"content":{"rendered":"<p style=\"text-align: left;\"><span style=\"font-size: inherit;\"><span style=\"font-size: inherit;\">Bienvenue\u00a0 chez Une invit\u00e9e dans mon atelier ! <\/span><\/span>Ce site est pr\u00e9vu pour vous aider \u00e0 pr\u00e9parer votre commande, pr\u00e9ciser vos id\u00e9es&#8230;<\/p>\n<div class=\"gmail-kvgmc6g5 gmail-cxmmr5t8 gmail-oygrvhab gmail-hcukyx3x gmail-c1et5uql gmail-ii04i59q\" style=\"text-align: left;\">\n<div>\n<div>et vous pourrez finaliser ensuite votre devis gr\u00e2ce <span style=\"text-decoration: underline;\"><a href=\"http:\/\/uneinviteedansmonatelier.fr\/index.php\/cart\/\">au Panier<\/a><\/span> ou\u00a0<span style=\"text-decoration: underline;\"><a href=\"mailto:%20%3cuneinviteedansmonatelier@gmail.com%3e\">par mail<\/a><\/span>\u00a0 \u00a0(<a href=\"mailto:uneinviteedansmonatelier@gmail.com\">uneinviteedansmonatelier@gmail.com<\/a>)<\/div>\n<div>Toutes les cr\u00e9ations sont uniques\u00a0 &#8230; elles sont le reflet de vos envies !<br \/>\nEnvie de motif<br \/>\nEnvie de tissu<br \/>\nEnvie de couleurs<\/div>\n<div><span style=\"font-size: inherit;\"><br \/>\nDans la rubrique \u00a0\u00bb Sur commande\u00a0\u00bb vous trouverez tous les produits que je peux confectionner pour vous.<br \/>\n<span style=\"font-size: revert;\">Pour commander il vous suffit de s\u00e9lectionner les produits qui vous feraient plaisir, ainsi que la quantit\u00e9,<\/span><\/span><\/div>\n<\/div>\n<\/div>\n<p style=\"text-align: left;\">Dans la rubrique \u00ab\u00a0Tissu\u00a0\u00bb vous trouverez tous les tissus Liberty en stock pour personnaliser votre commande selon vos envies , choisir le tissu en fonction de la couleur d&rsquo;un faire-part, choisir un accessoire en fonction de votre tenue &#8230; etc<\/p>\n<p>Puis\u00a0 dans votre panier, vous aurez un espace \u00ab\u00a0pr\u00e9ciser les d\u00e9tails\u00a0\u00bb\u00a0 dans lequel vous pourrez me dire le motif que vous souhaitez ainsi que la couleur et le tissu .<\/p>\n<p>Bonne visite,<br \/>\nGa\u00eblle<\/p>\n<p style=\"text-align: left;\">photos et actus sur instagram :<a href=\"https:\/\/www.instagram.com\/uneinviteedansmonatelier\"><img loading=\"lazy\" decoding=\"async\" class=\"alignnone wp-image-5927\" src=\"https:\/\/uneinviteedansmonatelier.fr\/wp-content\/uploads\/2026\/03\/logo-insta.jpg\" alt=\"\" width=\"65\" height=\"65\" srcset=\"https:\/\/uneinviteedansmonatelier.fr\/wp-content\/uploads\/2026\/03\/logo-insta.jpg 121w, https:\/\/uneinviteedansmonatelier.fr\/wp-content\/uploads\/2026\/03\/logo-insta-100x100.jpg 100w\" sizes=\"auto, (max-width: 65px) 100vw, 65px\" \/><\/a><\/p>\n<p><a href=\"https:\/\/www.instagram.com\/uneinviteedansmonatelier\">https:\/\/www.instagram.com\/uneinviteedansmonatelier<\/a><\/p>\n","protected":false},"excerpt":{"rendered":"<p>Bienvenue\u00a0 chez Une invit\u00e9e dans mon atelier ! Ce site est pr\u00e9vu pour vous aider \u00e0 pr\u00e9parer votre commande, pr\u00e9ciser vos id\u00e9es&#8230; et vous pourrez finaliser ensuite votre devis gr\u00e2ce au Panier ou\u00a0par mail\u00a0 \u00a0(uneinviteedansmonatelier@gmail.com) Toutes les cr\u00e9ations sont uniques\u00a0 &#8230; elles sont le reflet de vos envies ! Envie de motif Envie de tissu [&hellip;]<\/p>\n","protected":false},"author":1,"featured_media":0,"parent":0,"menu_order":0,"comment_status":"closed","ping_status":"closed","template":"template-homepage.php","meta":{"_exactmetrics_skip_tracking":false,"_exactmetrics_sitenote_active":false,"_exactmetrics_sitenote_note":"","_exactmetrics_sitenote_category":0,"footnotes":""},"class_list":["post-32","page","type-page","status-publish","hentry"],"_links":{"self":[{"href":"https:\/\/uneinviteedansmonatelier.fr\/index.php\/wp-json\/wp\/v2\/pages\/32","targetHints":{"allow":["GET"]}}],"collection":[{"href":"https:\/\/uneinviteedansmonatelier.fr\/index.php\/wp-json\/wp\/v2\/pages"}],"about":[{"href":"https:\/\/uneinviteedansmonatelier.fr\/index.php\/wp-json\/wp\/v2\/types\/page"}],"author":[{"embeddable":true,"href":"https:\/\/uneinviteedansmonatelier.fr\/index.php\/wp-json\/wp\/v2\/users\/1"}],"replies":[{"embeddable":true,"href":"https:\/\/uneinviteedansmonatelier.fr\/index.php\/wp-json\/wp\/v2\/comments?post=32"}],"version-history":[{"count":150,"href":"https:\/\/uneinviteedansmonatelier.fr\/index.php\/wp-json\/wp\/v2\/pages\/32\/revisions"}],"predecessor-version":[{"id":5958,"href":"https:\/\/uneinviteedansmonatelier.fr\/index.php\/wp-json\/wp\/v2\/pages\/32\/revisions\/5958"}],"wp:attachment":[{"href":"https:\/\/uneinviteedansmonatelier.fr\/index.php\/wp-json\/wp\/v2\/media?parent=32"}],"curies":[{"name":"wp","href":"https:\/\/api.w.org\/{rel}","templated":true}]}}