{"id":1079,"date":"2016-08-09T15:10:20","date_gmt":"2016-08-09T14:10:20","guid":{"rendered":"http:\/\/uneinviteedansmonatelier.fr\/?post_type=product&#038;p=1079"},"modified":"2024-06-14T12:24:59","modified_gmt":"2024-06-14T11:24:59","slug":"fouta","status":"publish","type":"product","link":"https:\/\/uneinviteedansmonatelier.fr\/index.php\/produit\/fouta\/","title":{"rendered":"Fouta"},"content":{"rendered":"","protected":false},"excerpt":{"rendered":"<p>La fouta est \u00e0 l&rsquo;origine une serviette de hammam, 100% coton qui absorbe tr\u00e8s bien l&rsquo;humidit\u00e9.<br \/>\nTr\u00e8s l\u00e9g\u00e8re, la fouta peut servir \u00e0 la fois de serviette de bain, de par\u00e9o, de serviette de plage&#8230;<br \/>\nDisponible dans de nombreux coloris, pour changer de fouta selon vos envies!<br \/>\nLavable \u00e0 30\u00b0<br \/>\nPasse au s\u00e8che-linge<br \/>\nDimensions : 100 x 200 cm<br \/>\n(+3\u20ac \/6\u20ac pour 2 motifs \/3motifs suppl\u00e9mentaires <em>&#8211; comme la fouta jaune \u00ab\u00a0Chut&#8230; Servane bronze\u00a0\u00bb<\/em>)<\/p>\n","protected":false},"featured_media":4951,"template":"","meta":{"_exactmetrics_skip_tracking":false,"_exactmetrics_sitenote_active":false,"_exactmetrics_sitenote_note":"","_exactmetrics_sitenote_category":0},"product_brand":[],"product_cat":[37],"product_tag":[],"class_list":{"0":"post-1079","1":"product","2":"type-product","3":"status-publish","4":"has-post-thumbnail","6":"product_cat-foutas","8":"first","9":"instock","10":"shipping-taxable","11":"purchasable","12":"product-type-variable"},"_links":{"self":[{"href":"https:\/\/uneinviteedansmonatelier.fr\/index.php\/wp-json\/wp\/v2\/product\/1079","targetHints":{"allow":["GET"]}}],"collection":[{"href":"https:\/\/uneinviteedansmonatelier.fr\/index.php\/wp-json\/wp\/v2\/product"}],"about":[{"href":"https:\/\/uneinviteedansmonatelier.fr\/index.php\/wp-json\/wp\/v2\/types\/product"}],"wp:featuredmedia":[{"embeddable":true,"href":"https:\/\/uneinviteedansmonatelier.fr\/index.php\/wp-json\/wp\/v2\/media\/4951"}],"wp:attachment":[{"href":"https:\/\/uneinviteedansmonatelier.fr\/index.php\/wp-json\/wp\/v2\/media?parent=1079"}],"wp:term":[{"taxonomy":"product_brand","embeddable":true,"href":"https:\/\/uneinviteedansmonatelier.fr\/index.php\/wp-json\/wp\/v2\/product_brand?post=1079"},{"taxonomy":"product_cat","embeddable":true,"href":"https:\/\/uneinviteedansmonatelier.fr\/index.php\/wp-json\/wp\/v2\/product_cat?post=1079"},{"taxonomy":"product_tag","embeddable":true,"href":"https:\/\/uneinviteedansmonatelier.fr\/index.php\/wp-json\/wp\/v2\/product_tag?post=1079"}],"curies":[{"name":"wp","href":"https:\/\/api.w.org\/{rel}","templated":true}]}}