{"id":1603,"date":"2016-10-13T12:10:59","date_gmt":"2016-10-13T11:10:59","guid":{"rendered":"http:\/\/uneinviteedansmonatelier.fr\/index.php\/produit\/bavoir-nouveau-ne-2-tissus-garcon\/"},"modified":"2017-01-26T21:32:27","modified_gmt":"2017-01-26T20:32:27","slug":"bavoir-nouveau-ne-2-tissus-garcon","status":"publish","type":"product","link":"https:\/\/uneinviteedansmonatelier.fr\/index.php\/produit\/bavoir-nouveau-ne-2-tissus-garcon\/","title":{"rendered":"Bavoir nouveau-n\u00e9 2-tissus Gar\u00e7on"},"content":{"rendered":"","protected":false},"excerpt":{"rendered":"<p>Bavoir en tissu, piqu\u00e9 de coton blanc<br \/>\net l&rsquo;arri\u00e8re en \u00e9ponge ou tissu-lange<br \/>\nTaille naissance &#8211; 3 mois<br \/>\nLavable en machine 30\u00b0C<br \/>\nTissu et Motif au choix<\/p>\n","protected":false},"featured_media":1601,"template":"","meta":{"_exactmetrics_skip_tracking":false,"_exactmetrics_sitenote_active":false,"_exactmetrics_sitenote_note":"","_exactmetrics_sitenote_category":0},"product_cat":[22,88],"product_tag":[],"class_list":{"0":"post-1603","1":"product","2":"type-product","3":"status-publish","4":"has-post-thumbnail","6":"product_cat-bavoirs","7":"product_cat-bavoir-linge-de-table","9":"first","10":"instock","11":"shipping-taxable","12":"purchasable","13":"product-type-simple"},"_links":{"self":[{"href":"https:\/\/uneinviteedansmonatelier.fr\/index.php\/wp-json\/wp\/v2\/product\/1603"}],"collection":[{"href":"https:\/\/uneinviteedansmonatelier.fr\/index.php\/wp-json\/wp\/v2\/product"}],"about":[{"href":"https:\/\/uneinviteedansmonatelier.fr\/index.php\/wp-json\/wp\/v2\/types\/product"}],"wp:featuredmedia":[{"embeddable":true,"href":"https:\/\/uneinviteedansmonatelier.fr\/index.php\/wp-json\/wp\/v2\/media\/1601"}],"wp:attachment":[{"href":"https:\/\/uneinviteedansmonatelier.fr\/index.php\/wp-json\/wp\/v2\/media?parent=1603"}],"wp:term":[{"taxonomy":"product_cat","embeddable":true,"href":"https:\/\/uneinviteedansmonatelier.fr\/index.php\/wp-json\/wp\/v2\/product_cat?post=1603"},{"taxonomy":"product_tag","embeddable":true,"href":"https:\/\/uneinviteedansmonatelier.fr\/index.php\/wp-json\/wp\/v2\/product_tag?post=1603"}],"curies":[{"name":"wp","href":"https:\/\/api.w.org\/{rel}","templated":true}]}}