{"id":1987,"date":"2017-05-16T14:56:16","date_gmt":"2017-05-16T13:56:16","guid":{"rendered":"http:\/\/uneinviteedansmonatelier.fr\/index.php\/produit\/fouta-maitresse-en-vacances\/"},"modified":"2026-05-08T18:40:31","modified_gmt":"2026-05-08T17:40:31","slug":"fouta-maitresse-en-vacances","status":"publish","type":"product","link":"https:\/\/uneinviteedansmonatelier.fr\/index.php\/produit\/fouta-maitresse-en-vacances\/","title":{"rendered":"Vacances &#8211; Fouta <Chut la maitresse bronze>"},"content":{"rendered":"","protected":false},"excerpt":{"rendered":"<p>La fouta est \u00e0 l&rsquo;origine une serviette de hammam, 100% coton qui absorbe tr\u00e8s bien l&rsquo;humidit\u00e9.<br \/>\nTr\u00e8s l\u00e9g\u00e8re, la fouta peut servir \u00e0 la fois de serviette de bain, de par\u00e9o, de serviette de plage&#8230;<br \/>\nDisponible dans de nombreux coloris, pour changer de fouta selon vos envies!<br \/>\nLavable \u00e0 30\u00b0<br \/>\nPasse au s\u00e8che-linge<br \/>\nDimensions : 100 x 200 cm<br \/>\n(+3\u20ac \/6\u20ac pour 2 motifs \/3motifs suppl\u00e9mentaires <em>&#8211; comme la fouta jaune \u00ab\u00a0Chut&#8230; Servane bronze\u00a0\u00bb<\/em>)<\/p>\n","protected":false},"featured_media":4967,"template":"","meta":{"_exactmetrics_skip_tracking":false,"_exactmetrics_sitenote_active":false,"_exactmetrics_sitenote_note":"","_exactmetrics_sitenote_category":0},"product_brand":[],"product_cat":[91,37,237],"product_tag":[],"class_list":{"0":"post-1987","1":"product","2":"type-product","3":"status-publish","4":"has-post-thumbnail","6":"product_cat-cadeaux-maitres-et-maitresses","7":"product_cat-foutas","8":"product_cat-tous-les-produits","10":"first","11":"instock","12":"shipping-taxable","13":"purchasable","14":"product-type-variable"},"_links":{"self":[{"href":"https:\/\/uneinviteedansmonatelier.fr\/index.php\/wp-json\/wp\/v2\/product\/1987","targetHints":{"allow":["GET"]}}],"collection":[{"href":"https:\/\/uneinviteedansmonatelier.fr\/index.php\/wp-json\/wp\/v2\/product"}],"about":[{"href":"https:\/\/uneinviteedansmonatelier.fr\/index.php\/wp-json\/wp\/v2\/types\/product"}],"wp:featuredmedia":[{"embeddable":true,"href":"https:\/\/uneinviteedansmonatelier.fr\/index.php\/wp-json\/wp\/v2\/media\/4967"}],"wp:attachment":[{"href":"https:\/\/uneinviteedansmonatelier.fr\/index.php\/wp-json\/wp\/v2\/media?parent=1987"}],"wp:term":[{"taxonomy":"product_brand","embeddable":true,"href":"https:\/\/uneinviteedansmonatelier.fr\/index.php\/wp-json\/wp\/v2\/product_brand?post=1987"},{"taxonomy":"product_cat","embeddable":true,"href":"https:\/\/uneinviteedansmonatelier.fr\/index.php\/wp-json\/wp\/v2\/product_cat?post=1987"},{"taxonomy":"product_tag","embeddable":true,"href":"https:\/\/uneinviteedansmonatelier.fr\/index.php\/wp-json\/wp\/v2\/product_tag?post=1987"}],"curies":[{"name":"wp","href":"https:\/\/api.w.org\/{rel}","templated":true}]}}