{"id":2051,"date":"2017-08-17T17:52:49","date_gmt":"2017-08-17T16:52:49","guid":{"rendered":"http:\/\/uneinviteedansmonatelier.fr\/?post_type=product&#038;p=2051"},"modified":"2026-05-08T18:40:24","modified_gmt":"2026-05-08T17:40:24","slug":"lot-de-4-lingettes-lavables-2-liberty-et-2-coton","status":"publish","type":"product","link":"https:\/\/uneinviteedansmonatelier.fr\/index.php\/produit\/lot-de-4-lingettes-lavables-2-liberty-et-2-coton\/","title":{"rendered":"Lot de 4 lingettes lavables assorties &#8211; 2 Liberty et 2 coton"},"content":{"rendered":"","protected":false},"excerpt":{"rendered":"<p>Lot de 4 lingettes lavables :<br \/>\n2 lingettes en tissu\u00a0Liberty (2\u20ac pi\u00e8ce),<br \/>\net 2 lingettes en tissu coton assorties au Liberty choisi (1,75\u20ac pi\u00e8ce)(\u00e9toiles, pois, g\u00e9om\u00e9triques)<br \/>\nLingettes en tissu et \u00e9ponge de bambou, extr\u00eamement douce<br \/>\ndimensions 8x8cm<\/p>\n","protected":false},"featured_media":2703,"template":"","meta":{"_exactmetrics_skip_tracking":false,"_exactmetrics_sitenote_active":false,"_exactmetrics_sitenote_note":"","_exactmetrics_sitenote_category":0},"product_brand":[],"product_cat":[25,71,92,237],"product_tag":[],"class_list":{"0":"post-2051","1":"product","2":"type-product","3":"status-publish","4":"has-post-thumbnail","6":"product_cat-linge-de-toilette_naissance","7":"product_cat-linge-de-toilette","8":"product_cat-lingettes-lavables","9":"product_cat-tous-les-produits","11":"first","12":"instock","13":"shipping-taxable","14":"purchasable","15":"product-type-simple"},"_links":{"self":[{"href":"https:\/\/uneinviteedansmonatelier.fr\/index.php\/wp-json\/wp\/v2\/product\/2051","targetHints":{"allow":["GET"]}}],"collection":[{"href":"https:\/\/uneinviteedansmonatelier.fr\/index.php\/wp-json\/wp\/v2\/product"}],"about":[{"href":"https:\/\/uneinviteedansmonatelier.fr\/index.php\/wp-json\/wp\/v2\/types\/product"}],"wp:featuredmedia":[{"embeddable":true,"href":"https:\/\/uneinviteedansmonatelier.fr\/index.php\/wp-json\/wp\/v2\/media\/2703"}],"wp:attachment":[{"href":"https:\/\/uneinviteedansmonatelier.fr\/index.php\/wp-json\/wp\/v2\/media?parent=2051"}],"wp:term":[{"taxonomy":"product_brand","embeddable":true,"href":"https:\/\/uneinviteedansmonatelier.fr\/index.php\/wp-json\/wp\/v2\/product_brand?post=2051"},{"taxonomy":"product_cat","embeddable":true,"href":"https:\/\/uneinviteedansmonatelier.fr\/index.php\/wp-json\/wp\/v2\/product_cat?post=2051"},{"taxonomy":"product_tag","embeddable":true,"href":"https:\/\/uneinviteedansmonatelier.fr\/index.php\/wp-json\/wp\/v2\/product_tag?post=2051"}],"curies":[{"name":"wp","href":"https:\/\/api.w.org\/{rel}","templated":true}]}}