{"id":2058,"date":"2017-08-17T18:10:14","date_gmt":"2017-08-17T17:10:14","guid":{"rendered":"http:\/\/uneinviteedansmonatelier.fr\/?post_type=product&#038;p=2058"},"modified":"2022-05-24T21:56:34","modified_gmt":"2022-05-24T20:56:34","slug":"petit-sac-et-4-lingettes-lavables-assorties-2-en-liberty-et-2-coton","status":"publish","type":"product","link":"https:\/\/uneinviteedansmonatelier.fr\/index.php\/produit\/petit-sac-et-4-lingettes-lavables-assorties-2-en-liberty-et-2-coton\/","title":{"rendered":"Petit sac et 4 lingettes lavables assorties &#8211; 2 en Liberty et 2 coton"},"content":{"rendered":"","protected":false},"excerpt":{"rendered":"<p>Petit sac en lin avec cordon (14.00\u20ac)<br \/>\nBroderie au choix<br \/>\nDimensions : larg.22cm x haut.25cm<\/p>\n<p>Lot de 4 lingettes lavables :<br \/>\n&gt;2 lingettes en tissu\u00a0Liberty (2\u20ac pi\u00e8ce),<br \/>\n&gt;et 2 lingettes en tissu coton (1,75\u20ac pi\u00e8ce) assorties au Liberty choisi (\u00e9toiles, pois, g\u00e9om\u00e9triques)<br \/>\nLingettes en tissu et \u00e9ponge de bambou, extr\u00eamement douce<br \/>\ndimensions 8x8cm<\/p>\n","protected":false},"featured_media":2048,"template":"","meta":{"_exactmetrics_skip_tracking":false,"_exactmetrics_sitenote_active":false,"_exactmetrics_sitenote_note":"","_exactmetrics_sitenote_category":0},"product_brand":[],"product_cat":[25,71,92],"product_tag":[],"class_list":{"0":"post-2058","1":"product","2":"type-product","3":"status-publish","4":"has-post-thumbnail","6":"product_cat-linge-de-toilette_naissance","7":"product_cat-linge-de-toilette","8":"product_cat-lingettes-lavables","10":"first","11":"instock","12":"shipping-taxable","13":"purchasable","14":"product-type-simple"},"_links":{"self":[{"href":"https:\/\/uneinviteedansmonatelier.fr\/index.php\/wp-json\/wp\/v2\/product\/2058","targetHints":{"allow":["GET"]}}],"collection":[{"href":"https:\/\/uneinviteedansmonatelier.fr\/index.php\/wp-json\/wp\/v2\/product"}],"about":[{"href":"https:\/\/uneinviteedansmonatelier.fr\/index.php\/wp-json\/wp\/v2\/types\/product"}],"wp:featuredmedia":[{"embeddable":true,"href":"https:\/\/uneinviteedansmonatelier.fr\/index.php\/wp-json\/wp\/v2\/media\/2048"}],"wp:attachment":[{"href":"https:\/\/uneinviteedansmonatelier.fr\/index.php\/wp-json\/wp\/v2\/media?parent=2058"}],"wp:term":[{"taxonomy":"product_brand","embeddable":true,"href":"https:\/\/uneinviteedansmonatelier.fr\/index.php\/wp-json\/wp\/v2\/product_brand?post=2058"},{"taxonomy":"product_cat","embeddable":true,"href":"https:\/\/uneinviteedansmonatelier.fr\/index.php\/wp-json\/wp\/v2\/product_cat?post=2058"},{"taxonomy":"product_tag","embeddable":true,"href":"https:\/\/uneinviteedansmonatelier.fr\/index.php\/wp-json\/wp\/v2\/product_tag?post=2058"}],"curies":[{"name":"wp","href":"https:\/\/api.w.org\/{rel}","templated":true}]}}