{"id":2165,"date":"2017-11-27T22:20:28","date_gmt":"2017-11-27T21:20:28","guid":{"rendered":"http:\/\/uneinviteedansmonatelier.fr\/?post_type=product&#038;p=2165"},"modified":"2026-05-08T18:40:29","modified_gmt":"2026-05-08T17:40:29","slug":"bonbonniere-en-verre-et-son-couvercle-en-verre","status":"publish","type":"product","link":"https:\/\/uneinviteedansmonatelier.fr\/index.php\/produit\/bonbonniere-en-verre-et-son-couvercle-en-verre\/","title":{"rendered":"Bonbonni\u00e8re en verre et son couvercle en verre"},"content":{"rendered":"","protected":false},"excerpt":{"rendered":"<p>Bonbonni\u00e8re en verre, avec couvercle herm\u00e9tique (verre et joint caoutchouc transparent)<br \/>\nContenance 1,9 litre<br \/>\nHauteur 18cm, diam\u00e8tre 15cm<\/p>\n<p>Motif autocollant vinyle monochrome:<br \/>\n-coloris disponibles blanc, noir, dor\u00e9, argent\u00e9, rouge, rose, bleu ciel, bleu roi, vert<br \/>\n-motif au choix (Fanions, Gourmandises \u00e0 partager, Pr\u00e9nom, R\u00e9serve personnelle de &#8212;-, sapin \u00ab\u00a0douce nuit de No\u00ebl\u00a0\u00bb, &#8230;)<\/p>\n<p>Possibilit\u00e9 d&rsquo;\u00e9crire au verso avec un suppl\u00e9ment entre 1 et 3\u20ac selon le motif\/phrase\/date &#8230;<\/p>\n","protected":false},"featured_media":2873,"template":"","meta":{"_exactmetrics_skip_tracking":false,"_exactmetrics_sitenote_active":false,"_exactmetrics_sitenote_note":"","_exactmetrics_sitenote_category":0},"product_brand":[],"product_cat":[94,237],"product_tag":[],"class_list":{"0":"post-2165","1":"product","2":"type-product","3":"status-publish","4":"has-post-thumbnail","6":"product_cat-a-retirer-a-latelier","7":"product_cat-tous-les-produits","9":"first","10":"instock","11":"shipping-taxable","12":"purchasable","13":"product-type-variable"},"_links":{"self":[{"href":"https:\/\/uneinviteedansmonatelier.fr\/index.php\/wp-json\/wp\/v2\/product\/2165","targetHints":{"allow":["GET"]}}],"collection":[{"href":"https:\/\/uneinviteedansmonatelier.fr\/index.php\/wp-json\/wp\/v2\/product"}],"about":[{"href":"https:\/\/uneinviteedansmonatelier.fr\/index.php\/wp-json\/wp\/v2\/types\/product"}],"wp:featuredmedia":[{"embeddable":true,"href":"https:\/\/uneinviteedansmonatelier.fr\/index.php\/wp-json\/wp\/v2\/media\/2873"}],"wp:attachment":[{"href":"https:\/\/uneinviteedansmonatelier.fr\/index.php\/wp-json\/wp\/v2\/media?parent=2165"}],"wp:term":[{"taxonomy":"product_brand","embeddable":true,"href":"https:\/\/uneinviteedansmonatelier.fr\/index.php\/wp-json\/wp\/v2\/product_brand?post=2165"},{"taxonomy":"product_cat","embeddable":true,"href":"https:\/\/uneinviteedansmonatelier.fr\/index.php\/wp-json\/wp\/v2\/product_cat?post=2165"},{"taxonomy":"product_tag","embeddable":true,"href":"https:\/\/uneinviteedansmonatelier.fr\/index.php\/wp-json\/wp\/v2\/product_tag?post=2165"}],"curies":[{"name":"wp","href":"https:\/\/api.w.org\/{rel}","templated":true}]}}