{"id":2307,"date":"2018-03-20T21:24:56","date_gmt":"2018-03-20T20:24:56","guid":{"rendered":"http:\/\/uneinviteedansmonatelier.fr\/index.php\/produit\/lange-prenom-et-hochet-en-bois-2\/"},"modified":"2023-06-22T22:05:25","modified_gmt":"2023-06-22T21:05:25","slug":"lange-prenom-et-hochet-en-bois-2","status":"publish","type":"product","link":"https:\/\/uneinviteedansmonatelier.fr\/index.php\/produit\/lange-prenom-et-hochet-en-bois-2\/","title":{"rendered":"Lange pr\u00e9nom et hochet en bois"},"content":{"rendered":"","protected":false},"excerpt":{"rendered":"<p>Lange avec pr\u00e9nom brod\u00e9<br \/>\net hochet en bois non trait\u00e9<br \/>\n-Oiseau et ses ailes en liberty et \u00e9ponge de bambou<br \/>\n-ou \u00e9toile et ses filaments en rubans et liberty<\/p>\n","protected":false},"featured_media":2326,"template":"","meta":{"_exactmetrics_skip_tracking":false,"_exactmetrics_sitenote_active":false,"_exactmetrics_sitenote_note":"","_exactmetrics_sitenote_category":0},"product_cat":[34],"product_tag":[],"class_list":{"0":"post-2307","1":"product","2":"type-product","3":"status-publish","4":"has-post-thumbnail","6":"product_cat-doudous-et-hochets","8":"first","9":"instock","10":"shipping-taxable","11":"purchasable","12":"product-type-simple"},"_links":{"self":[{"href":"https:\/\/uneinviteedansmonatelier.fr\/index.php\/wp-json\/wp\/v2\/product\/2307"}],"collection":[{"href":"https:\/\/uneinviteedansmonatelier.fr\/index.php\/wp-json\/wp\/v2\/product"}],"about":[{"href":"https:\/\/uneinviteedansmonatelier.fr\/index.php\/wp-json\/wp\/v2\/types\/product"}],"wp:featuredmedia":[{"embeddable":true,"href":"https:\/\/uneinviteedansmonatelier.fr\/index.php\/wp-json\/wp\/v2\/media\/2326"}],"wp:attachment":[{"href":"https:\/\/uneinviteedansmonatelier.fr\/index.php\/wp-json\/wp\/v2\/media?parent=2307"}],"wp:term":[{"taxonomy":"product_cat","embeddable":true,"href":"https:\/\/uneinviteedansmonatelier.fr\/index.php\/wp-json\/wp\/v2\/product_cat?post=2307"},{"taxonomy":"product_tag","embeddable":true,"href":"https:\/\/uneinviteedansmonatelier.fr\/index.php\/wp-json\/wp\/v2\/product_tag?post=2307"}],"curies":[{"name":"wp","href":"https:\/\/api.w.org\/{rel}","templated":true}]}}