{"id":2503,"date":"2018-09-24T18:10:29","date_gmt":"2018-09-24T17:10:29","guid":{"rendered":"http:\/\/uneinviteedansmonatelier.fr\/?post_type=product&#038;p=2503"},"modified":"2026-05-08T18:40:33","modified_gmt":"2026-05-08T17:40:33","slug":"protege-carnet-de-sante","status":"publish","type":"product","link":"https:\/\/uneinviteedansmonatelier.fr\/index.php\/produit\/protege-carnet-de-sante\/","title":{"rendered":"Prot\u00e8ge Carnet de Sant\u00e9 Lin ou Liberty"},"content":{"rendered":"","protected":false},"excerpt":{"rendered":"<p>Prot\u00e8ge carnet de sant\u00e9 au format fran\u00e7ais standard<br \/>\nDoubl\u00e9 en double gaze, avec fermeture en biais de coton assorti<br \/>\nDimensions housse 24cm x 16cm(ferm\u00e9e)<br \/>\nPlusieurs options :<br \/>\n-En lin avec broderie au choix,<br \/>\n-En liberty,<br \/>\n-En liberty avec pr\u00e9nom au flex<\/p>\n","protected":false},"featured_media":4250,"template":"","meta":{"_exactmetrics_skip_tracking":false,"_exactmetrics_sitenote_active":false,"_exactmetrics_sitenote_note":"","_exactmetrics_sitenote_category":0},"product_brand":[],"product_cat":[96,237],"product_tag":[],"class_list":{"0":"post-2503","1":"product","2":"type-product","3":"status-publish","4":"has-post-thumbnail","6":"product_cat-protege-carnet-de-sante","7":"product_cat-tous-les-produits","9":"first","10":"instock","11":"shipping-taxable","12":"purchasable","13":"product-type-variable"},"_links":{"self":[{"href":"https:\/\/uneinviteedansmonatelier.fr\/index.php\/wp-json\/wp\/v2\/product\/2503","targetHints":{"allow":["GET"]}}],"collection":[{"href":"https:\/\/uneinviteedansmonatelier.fr\/index.php\/wp-json\/wp\/v2\/product"}],"about":[{"href":"https:\/\/uneinviteedansmonatelier.fr\/index.php\/wp-json\/wp\/v2\/types\/product"}],"wp:featuredmedia":[{"embeddable":true,"href":"https:\/\/uneinviteedansmonatelier.fr\/index.php\/wp-json\/wp\/v2\/media\/4250"}],"wp:attachment":[{"href":"https:\/\/uneinviteedansmonatelier.fr\/index.php\/wp-json\/wp\/v2\/media?parent=2503"}],"wp:term":[{"taxonomy":"product_brand","embeddable":true,"href":"https:\/\/uneinviteedansmonatelier.fr\/index.php\/wp-json\/wp\/v2\/product_brand?post=2503"},{"taxonomy":"product_cat","embeddable":true,"href":"https:\/\/uneinviteedansmonatelier.fr\/index.php\/wp-json\/wp\/v2\/product_cat?post=2503"},{"taxonomy":"product_tag","embeddable":true,"href":"https:\/\/uneinviteedansmonatelier.fr\/index.php\/wp-json\/wp\/v2\/product_tag?post=2503"}],"curies":[{"name":"wp","href":"https:\/\/api.w.org\/{rel}","templated":true}]}}