{"id":3236,"date":"2020-05-27T21:31:47","date_gmt":"2020-05-27T20:31:47","guid":{"rendered":"http:\/\/uneinviteedansmonatelier.fr\/index.php\/produit\/bavoir-a-elastique-2-6-ans-brode-tout-pour-ma-pomme\/"},"modified":"2020-05-27T22:09:59","modified_gmt":"2020-05-27T21:09:59","slug":"bavoir-a-elastique-2-6-ans-brode-tout-pour-ma-pomme","status":"publish","type":"product","link":"https:\/\/uneinviteedansmonatelier.fr\/index.php\/produit\/bavoir-a-elastique-2-6-ans-brode-tout-pour-ma-pomme\/","title":{"rendered":"Bavoir \u00e0 \u00e9lastique 2-6 ans &#8211; brod\u00e9 &#8211; tout pour ma pomme"},"content":{"rendered":"","protected":false},"excerpt":{"rendered":"<p>Bavoir \u00e0 \u00e9lastique brod\u00e9<br \/>\ntaille 2-6 ans<br \/>\nmotif de broderie au choix<br \/>\nDimensions: de l&rsquo;encolure au bas 27 cm, largeur 27cm<br \/>\n100% coton<br \/>\nLavable en machine 40\u00b0C<\/p>\n","protected":false},"featured_media":3266,"template":"","meta":{"_exactmetrics_skip_tracking":false,"_exactmetrics_sitenote_active":false,"_exactmetrics_sitenote_note":"","_exactmetrics_sitenote_category":0},"product_brand":[],"product_cat":[88,86],"product_tag":[],"class_list":{"0":"post-3236","1":"product","2":"type-product","3":"status-publish","4":"has-post-thumbnail","6":"product_cat-bavoir-linge-de-table","7":"product_cat-idees-cadeau-petit-garcon","9":"first","10":"instock","11":"shipping-taxable","12":"purchasable","13":"product-type-simple"},"_links":{"self":[{"href":"https:\/\/uneinviteedansmonatelier.fr\/index.php\/wp-json\/wp\/v2\/product\/3236","targetHints":{"allow":["GET"]}}],"collection":[{"href":"https:\/\/uneinviteedansmonatelier.fr\/index.php\/wp-json\/wp\/v2\/product"}],"about":[{"href":"https:\/\/uneinviteedansmonatelier.fr\/index.php\/wp-json\/wp\/v2\/types\/product"}],"wp:featuredmedia":[{"embeddable":true,"href":"https:\/\/uneinviteedansmonatelier.fr\/index.php\/wp-json\/wp\/v2\/media\/3266"}],"wp:attachment":[{"href":"https:\/\/uneinviteedansmonatelier.fr\/index.php\/wp-json\/wp\/v2\/media?parent=3236"}],"wp:term":[{"taxonomy":"product_brand","embeddable":true,"href":"https:\/\/uneinviteedansmonatelier.fr\/index.php\/wp-json\/wp\/v2\/product_brand?post=3236"},{"taxonomy":"product_cat","embeddable":true,"href":"https:\/\/uneinviteedansmonatelier.fr\/index.php\/wp-json\/wp\/v2\/product_cat?post=3236"},{"taxonomy":"product_tag","embeddable":true,"href":"https:\/\/uneinviteedansmonatelier.fr\/index.php\/wp-json\/wp\/v2\/product_tag?post=3236"}],"curies":[{"name":"wp","href":"https:\/\/api.w.org\/{rel}","templated":true}]}}