{"id":3639,"date":"2021-03-01T21:20:21","date_gmt":"2021-03-01T20:20:21","guid":{"rendered":"https:\/\/uneinviteedansmonatelier.fr\/?post_type=product&#038;p=3639"},"modified":"2026-05-06T10:41:17","modified_gmt":"2026-05-06T09:41:17","slug":"coupelles-a-dragees","status":"publish","type":"product","link":"https:\/\/uneinviteedansmonatelier.fr\/index.php\/produit\/coupelles-a-dragees\/","title":{"rendered":"Coupelles \u00e0 drag\u00e9es"},"content":{"rendered":"","protected":false},"excerpt":{"rendered":"<p>Coupelles \u00e0 drag\u00e9es en verre,<br \/>\n(fournies sans drag\u00e9es)<br \/>\n18cl, hauteur 6cm, diam\u00e8tre 8,5cm<\/p>\n<p>Motif autocollant vinyle monochrome sur le recto:<br \/>\n-motif au choix<\/p>\n<p>+0,75\u20ac ajout de personnalisation au verso (date et\/ou pr\u00e9nom)<\/p>\n","protected":false},"featured_media":3640,"template":"","meta":{"_exactmetrics_skip_tracking":false,"_exactmetrics_sitenote_active":false,"_exactmetrics_sitenote_note":"","_exactmetrics_sitenote_category":0},"product_brand":[],"product_cat":[132,237],"product_tag":[],"class_list":{"0":"post-3639","1":"product","2":"type-product","3":"status-publish","4":"has-post-thumbnail","6":"product_cat-coupelles-a-dragees","7":"product_cat-tous-les-produits","9":"first","10":"instock","11":"shipping-taxable","12":"purchasable","13":"product-type-variable"},"_links":{"self":[{"href":"https:\/\/uneinviteedansmonatelier.fr\/index.php\/wp-json\/wp\/v2\/product\/3639","targetHints":{"allow":["GET"]}}],"collection":[{"href":"https:\/\/uneinviteedansmonatelier.fr\/index.php\/wp-json\/wp\/v2\/product"}],"about":[{"href":"https:\/\/uneinviteedansmonatelier.fr\/index.php\/wp-json\/wp\/v2\/types\/product"}],"wp:featuredmedia":[{"embeddable":true,"href":"https:\/\/uneinviteedansmonatelier.fr\/index.php\/wp-json\/wp\/v2\/media\/3640"}],"wp:attachment":[{"href":"https:\/\/uneinviteedansmonatelier.fr\/index.php\/wp-json\/wp\/v2\/media?parent=3639"}],"wp:term":[{"taxonomy":"product_brand","embeddable":true,"href":"https:\/\/uneinviteedansmonatelier.fr\/index.php\/wp-json\/wp\/v2\/product_brand?post=3639"},{"taxonomy":"product_cat","embeddable":true,"href":"https:\/\/uneinviteedansmonatelier.fr\/index.php\/wp-json\/wp\/v2\/product_cat?post=3639"},{"taxonomy":"product_tag","embeddable":true,"href":"https:\/\/uneinviteedansmonatelier.fr\/index.php\/wp-json\/wp\/v2\/product_tag?post=3639"}],"curies":[{"name":"wp","href":"https:\/\/api.w.org\/{rel}","templated":true}]}}