{"id":3863,"date":"2021-05-27T09:24:27","date_gmt":"2021-05-27T08:24:27","guid":{"rendered":"https:\/\/uneinviteedansmonatelier.fr\/?post_type=product&#038;p=3863"},"modified":"2021-05-27T14:20:02","modified_gmt":"2021-05-27T13:20:02","slug":"miroir-de-poche","status":"publish","type":"product","link":"https:\/\/uneinviteedansmonatelier.fr\/index.php\/produit\/miroir-de-poche\/","title":{"rendered":"miroir de poche"},"content":{"rendered":"","protected":false},"excerpt":{"rendered":"<p>miroir de poche<br \/>\ndiam\u00e8tre 7,5cm<br \/>\nliberty au choix<br \/>\n+3\u20ac avec sa pochette en simili cuir dor\u00e9 ou argent\u00e9 pour le transporter et le prot\u00e9ger<\/p>\n","protected":false},"featured_media":3861,"template":"","meta":{"_exactmetrics_skip_tracking":false,"_exactmetrics_sitenote_active":false,"_exactmetrics_sitenote_note":"","_exactmetrics_sitenote_category":0},"product_brand":[],"product_cat":[94,91,139,87,25,71],"product_tag":[],"class_list":{"0":"post-3863","1":"product","2":"type-product","3":"status-publish","4":"has-post-thumbnail","6":"product_cat-a-retirer-a-latelier","7":"product_cat-cadeaux-maitres-et-maitresses","8":"product_cat-du-liberty-dans-les-cheveux","9":"product_cat-idees-cadeau-petite-fille","10":"product_cat-linge-de-toilette_naissance","11":"product_cat-linge-de-toilette","13":"first","14":"instock","15":"shipping-taxable","16":"purchasable","17":"product-type-variable"},"_links":{"self":[{"href":"https:\/\/uneinviteedansmonatelier.fr\/index.php\/wp-json\/wp\/v2\/product\/3863","targetHints":{"allow":["GET"]}}],"collection":[{"href":"https:\/\/uneinviteedansmonatelier.fr\/index.php\/wp-json\/wp\/v2\/product"}],"about":[{"href":"https:\/\/uneinviteedansmonatelier.fr\/index.php\/wp-json\/wp\/v2\/types\/product"}],"wp:featuredmedia":[{"embeddable":true,"href":"https:\/\/uneinviteedansmonatelier.fr\/index.php\/wp-json\/wp\/v2\/media\/3861"}],"wp:attachment":[{"href":"https:\/\/uneinviteedansmonatelier.fr\/index.php\/wp-json\/wp\/v2\/media?parent=3863"}],"wp:term":[{"taxonomy":"product_brand","embeddable":true,"href":"https:\/\/uneinviteedansmonatelier.fr\/index.php\/wp-json\/wp\/v2\/product_brand?post=3863"},{"taxonomy":"product_cat","embeddable":true,"href":"https:\/\/uneinviteedansmonatelier.fr\/index.php\/wp-json\/wp\/v2\/product_cat?post=3863"},{"taxonomy":"product_tag","embeddable":true,"href":"https:\/\/uneinviteedansmonatelier.fr\/index.php\/wp-json\/wp\/v2\/product_tag?post=3863"}],"curies":[{"name":"wp","href":"https:\/\/api.w.org\/{rel}","templated":true}]}}