{"id":4141,"date":"2021-10-18T22:29:38","date_gmt":"2021-10-18T21:29:38","guid":{"rendered":"https:\/\/uneinviteedansmonatelier.fr\/?post_type=product&#038;p=4141"},"modified":"2023-10-07T11:38:41","modified_gmt":"2023-10-07T10:38:41","slug":"boule-de-noel-personnalisee-a-accrocher","status":"publish","type":"product","link":"https:\/\/uneinviteedansmonatelier.fr\/index.php\/produit\/boule-de-noel-personnalisee-a-accrocher\/","title":{"rendered":"Boule de No\u00ebl personnalis\u00e9e \u00e0 accrocher"},"content":{"rendered":"","protected":false},"excerpt":{"rendered":"<p>Boule (ou \u00e9toile de No\u00ebl) en plastique transparent, \u00e0 accrocher<br \/>\nMotif et colori au choix (or, rouge, blanc)<br \/>\nDimension : 6cm<br \/>\n5\u20ac pi\u00e8ce \u00e0 partir de 10 pi\u00e8ces command\u00e9es<\/p>\n","protected":false},"featured_media":4726,"template":"","meta":{"_exactmetrics_skip_tracking":false,"_exactmetrics_sitenote_active":false,"_exactmetrics_sitenote_note":"","_exactmetrics_sitenote_category":0},"product_brand":[],"product_cat":[94,97],"product_tag":[],"class_list":{"0":"post-4141","1":"product","2":"type-product","3":"status-publish","4":"has-post-thumbnail","6":"product_cat-a-retirer-a-latelier","7":"product_cat-noel","9":"first","10":"instock","11":"shipping-taxable","12":"purchasable","13":"product-type-variable"},"_links":{"self":[{"href":"https:\/\/uneinviteedansmonatelier.fr\/index.php\/wp-json\/wp\/v2\/product\/4141","targetHints":{"allow":["GET"]}}],"collection":[{"href":"https:\/\/uneinviteedansmonatelier.fr\/index.php\/wp-json\/wp\/v2\/product"}],"about":[{"href":"https:\/\/uneinviteedansmonatelier.fr\/index.php\/wp-json\/wp\/v2\/types\/product"}],"wp:featuredmedia":[{"embeddable":true,"href":"https:\/\/uneinviteedansmonatelier.fr\/index.php\/wp-json\/wp\/v2\/media\/4726"}],"wp:attachment":[{"href":"https:\/\/uneinviteedansmonatelier.fr\/index.php\/wp-json\/wp\/v2\/media?parent=4141"}],"wp:term":[{"taxonomy":"product_brand","embeddable":true,"href":"https:\/\/uneinviteedansmonatelier.fr\/index.php\/wp-json\/wp\/v2\/product_brand?post=4141"},{"taxonomy":"product_cat","embeddable":true,"href":"https:\/\/uneinviteedansmonatelier.fr\/index.php\/wp-json\/wp\/v2\/product_cat?post=4141"},{"taxonomy":"product_tag","embeddable":true,"href":"https:\/\/uneinviteedansmonatelier.fr\/index.php\/wp-json\/wp\/v2\/product_tag?post=4141"}],"curies":[{"name":"wp","href":"https:\/\/api.w.org\/{rel}","templated":true}]}}