{"id":4722,"date":"2023-10-07T11:29:01","date_gmt":"2023-10-07T10:29:01","guid":{"rendered":"https:\/\/uneinviteedansmonatelier.fr\/?post_type=product&#038;p=4722"},"modified":"2023-10-07T11:29:02","modified_gmt":"2023-10-07T10:29:02","slug":"creche-repositionnable","status":"publish","type":"product","link":"https:\/\/uneinviteedansmonatelier.fr\/index.php\/produit\/creche-repositionnable\/","title":{"rendered":"Cr\u00e8che repositionnable"},"content":{"rendered":"","protected":false},"excerpt":{"rendered":"<p>Cr\u00e8che en film \u00e9lectrostatique repositionnable<br \/>\nCette pochette contient:<br \/>\n-25 motifs en film \u00e9lectrostatique blanc opaque repositionnable<br \/>\n-1 proposition d&rsquo;un ordre possible pour utiliser la cr\u00e8che comme calendrier de l&rsquo;Avent avec 1 motif \u00e0 placer chaque jour<br \/>\n-1 notice papier<\/p>\n<p>id\u00e9e originale Une invit\u00e9e dans mon atelier depuis novembre 2021<\/p>\n","protected":false},"featured_media":4723,"template":"","meta":{"_exactmetrics_skip_tracking":false,"_exactmetrics_sitenote_active":false,"_exactmetrics_sitenote_note":"","_exactmetrics_sitenote_category":0},"product_brand":[],"product_cat":[94,97],"product_tag":[],"class_list":{"0":"post-4722","1":"product","2":"type-product","3":"status-publish","4":"has-post-thumbnail","6":"product_cat-a-retirer-a-latelier","7":"product_cat-noel","9":"first","10":"instock","11":"shipping-taxable","12":"purchasable","13":"product-type-simple"},"_links":{"self":[{"href":"https:\/\/uneinviteedansmonatelier.fr\/index.php\/wp-json\/wp\/v2\/product\/4722","targetHints":{"allow":["GET"]}}],"collection":[{"href":"https:\/\/uneinviteedansmonatelier.fr\/index.php\/wp-json\/wp\/v2\/product"}],"about":[{"href":"https:\/\/uneinviteedansmonatelier.fr\/index.php\/wp-json\/wp\/v2\/types\/product"}],"wp:featuredmedia":[{"embeddable":true,"href":"https:\/\/uneinviteedansmonatelier.fr\/index.php\/wp-json\/wp\/v2\/media\/4723"}],"wp:attachment":[{"href":"https:\/\/uneinviteedansmonatelier.fr\/index.php\/wp-json\/wp\/v2\/media?parent=4722"}],"wp:term":[{"taxonomy":"product_brand","embeddable":true,"href":"https:\/\/uneinviteedansmonatelier.fr\/index.php\/wp-json\/wp\/v2\/product_brand?post=4722"},{"taxonomy":"product_cat","embeddable":true,"href":"https:\/\/uneinviteedansmonatelier.fr\/index.php\/wp-json\/wp\/v2\/product_cat?post=4722"},{"taxonomy":"product_tag","embeddable":true,"href":"https:\/\/uneinviteedansmonatelier.fr\/index.php\/wp-json\/wp\/v2\/product_tag?post=4722"}],"curies":[{"name":"wp","href":"https:\/\/api.w.org\/{rel}","templated":true}]}}