{"id":4863,"date":"2024-03-09T10:58:58","date_gmt":"2024-03-09T09:58:58","guid":{"rendered":"https:\/\/uneinviteedansmonatelier.fr\/?post_type=product&#038;p=4863"},"modified":"2026-05-08T18:40:36","modified_gmt":"2026-05-08T17:40:36","slug":"carre-de-dragees","status":"publish","type":"product","link":"https:\/\/uneinviteedansmonatelier.fr\/index.php\/produit\/carre-de-dragees\/","title":{"rendered":"carr\u00e9 de drag\u00e9es"},"content":{"rendered":"","protected":false},"excerpt":{"rendered":"<p>pochette \u00e0 drag\u00e9es carr\u00e9e en double gaze de coton,<br \/>\npeut contenir une dizaine de drag\u00e9es,<br \/>\nouverture au dos pour glisser et attraper les drag\u00e9es<br \/>\nTaille : 8cm x 8cm<br \/>\nAutre couleur de double gaze possible sur demande, Liberty au choix<\/p>\n","protected":false},"featured_media":4867,"template":"","meta":{"_exactmetrics_skip_tracking":false,"_exactmetrics_sitenote_active":false,"_exactmetrics_sitenote_note":"","_exactmetrics_sitenote_category":0},"product_brand":[],"product_cat":[127,237],"product_tag":[],"class_list":{"0":"post-4863","1":"product","2":"type-product","3":"status-publish","4":"has-post-thumbnail","6":"product_cat-sachets-a-dragees","7":"product_cat-tous-les-produits","9":"first","10":"instock","11":"shipping-taxable","12":"purchasable","13":"product-type-simple"},"_links":{"self":[{"href":"https:\/\/uneinviteedansmonatelier.fr\/index.php\/wp-json\/wp\/v2\/product\/4863","targetHints":{"allow":["GET"]}}],"collection":[{"href":"https:\/\/uneinviteedansmonatelier.fr\/index.php\/wp-json\/wp\/v2\/product"}],"about":[{"href":"https:\/\/uneinviteedansmonatelier.fr\/index.php\/wp-json\/wp\/v2\/types\/product"}],"wp:featuredmedia":[{"embeddable":true,"href":"https:\/\/uneinviteedansmonatelier.fr\/index.php\/wp-json\/wp\/v2\/media\/4867"}],"wp:attachment":[{"href":"https:\/\/uneinviteedansmonatelier.fr\/index.php\/wp-json\/wp\/v2\/media?parent=4863"}],"wp:term":[{"taxonomy":"product_brand","embeddable":true,"href":"https:\/\/uneinviteedansmonatelier.fr\/index.php\/wp-json\/wp\/v2\/product_brand?post=4863"},{"taxonomy":"product_cat","embeddable":true,"href":"https:\/\/uneinviteedansmonatelier.fr\/index.php\/wp-json\/wp\/v2\/product_cat?post=4863"},{"taxonomy":"product_tag","embeddable":true,"href":"https:\/\/uneinviteedansmonatelier.fr\/index.php\/wp-json\/wp\/v2\/product_tag?post=4863"}],"curies":[{"name":"wp","href":"https:\/\/api.w.org\/{rel}","templated":true}]}}